{"id":10,"date":"2017-05-06T15:58:27","date_gmt":"2017-05-06T15:58:27","guid":{"rendered":"http:\/\/site.frankrobert.hu\/?page_id=10"},"modified":"2025-06-13T18:31:03","modified_gmt":"2025-06-13T18:31:03","slug":"nevjegy","status":"publish","type":"page","link":"https:\/\/www.frankrobert.hu\/?page_id=10","title":{"rendered":"N\u00e9vjegy"},"content":{"rendered":"<p data-start=\"161\" data-end=\"430\">20 \u00e9ve foglalkozom pszichol\u00f3gusk\u00e9nt k\u00fcl\u00f6nb\u00f6z\u0151 megold\u00e1sra v\u00e1r\u00f3 helyzetekkel \u00e9s \u00e9lethelyzetekkel. Pszichol\u00f3giai tanulm\u00e1nyaimat k\u00f6vet\u0151en nyolc \u00e9vig dolgoztam pszichi\u00e1triai oszt\u00e1lyon terapeutak\u00e9nt, ahol sz\u00e9lesk\u00f6r\u0171 tapasztalatokat szereztem a pszich\u00e9s probl\u00e9m\u00e1k kezel\u00e9s\u00e9ben.<\/p>\n<p data-start=\"432\" data-end=\"818\">Ezzel p\u00e1rhuzamosan New Yorkban t\u00e1nc- \u00e9s mozg\u00e1ster\u00e1pi\u00e1s k\u00e9pz\u00e9sen vettem r\u00e9szt, amely sor\u00e1n egy \u00faj, kreat\u00edv megk\u00f6zel\u00edt\u00e9st alkalmaztam a lelki \u00e9s testi eg\u00e9szs\u00e9g t\u00e1mogat\u00e1s\u00e1ban. Terapeutak\u00e9nt az Orsz\u00e1gos Pszichi\u00e1triai \u00e9s Neurol\u00f3giai Int\u00e9zet epilepszia rehabilit\u00e1ci\u00f3s k\u00f6zpontj\u00e1ban tartottam foglalkoz\u00e1sokat, amelyek sor\u00e1n k\u00fcl\u00f6nb\u00f6z\u0151 pszich\u00e9s \u00e9s fizikai kih\u00edv\u00e1sokkal k\u00fczd\u0151 emberekkel dolgoztam.<\/p>\n<p data-start=\"820\" data-end=\"1148\">Az ELTE-n Tan\u00e1csad\u00f3 szakpszichol\u00f3gusi diplom\u00e1t szereztem, kr\u00edzis szakir\u00e1nyon, \u00e9s az\u00f3ta t\u00f6bb k\u00fcl\u00f6nb\u00f6z\u0151 int\u00e9zm\u00e9nnyel dolgoztam egy\u00fctt. R\u00e9szt vettem az Orsz\u00e1gos Ment\u0151szolg\u00e1lat, a Hospice-h\u00e1z \u00e9s az Erzs\u00e9bet K\u00f3rh\u00e1z kr\u00edzisambulanci\u00e1j\u00e1nak munk\u00e1j\u00e1ban, valamint seg\u00edtettem az ajkai iszapkatasztr\u00f3fa \u00e1ldozatait pszichol\u00f3giai t\u00e1mogat\u00e1sban.<\/p>\n<p data-start=\"1150\" data-end=\"1304\">Tizen\u00f6t \u00e9ve vezetek kompetenciafejleszt\u0151 tr\u00e9ningeket \u00e9s vezet\u0151k\u00e9pz\u00e9seket nagyv\u00e1llalatok sz\u00e1m\u00e1ra, ahol a szem\u00e9lyes \u00e9s szakmai fejl\u0151d\u00e9st egyar\u00e1nt t\u00e1mogatom.<\/p>\n<p data-start=\"1306\" data-end=\"1479\">Tizen\u00f6t \u00e9ve m\u0171k\u00f6dtetem mag\u00e1npraxisomat Budapesten \u00a0ahol szem\u00e9lyre szabott pszichol\u00f3giai seg\u00edts\u00e9get ny\u00fajtok egy\u00e9ni \u00e9s csoportos foglalkoz\u00e1sok form\u00e1j\u00e1ban.<\/p>\n<p style=\"text-align: justify;\"><!--more--><\/p>\n<p style=\"text-align: justify;\"><strong>TANULM\u00c1NYOK<\/strong><\/p>\n<p style=\"text-align: justify;\">Debreceni Egyetem: &#8211; Pszichol\u00f3gia<\/p>\n<p>E\u00f6tv\u00f6s Lor\u00e1nd Tudom\u00e1nyegyetem &#8211; Tan\u00e1csad\u00f3 szakpszichol\u00f3gus k\u00e9pz\u00e9s\u00a0 (kr\u00edzis szakir\u00e1ny)<\/p>\n<p>Kinections USA. &#8211; T\u00e1nc\/Mozg\u00e1ster\u00e1pia<\/p>\n<p style=\"text-align: justify;\">Pre- \u00e9s perinat\u00e1lis gy\u00e1sz tan\u00e1csad\u00f3, &#8211; csoportvezet\u0151 \u2013 Napfogyatkoz\u00e1s egyes\u00fclet<\/p>\n<p style=\"text-align: justify;\">Gy\u00e1sz tan\u00e1csad\u00f3, &#8211; csoportvezet\u0151 \u2013 Napfogyatkoz\u00e1s egyes\u00fclet<\/p>\n<p style=\"text-align: justify;\">Elmurts Ballet School (Camberley) UK<\/p>\n<p style=\"text-align: justify;\">Magyar T\u00e1ncm\u0171v\u00e9szeti F\u0151iskola<\/p>\n<p style=\"text-align: justify;\"><strong>MUNKAHELYEK<\/strong><\/p>\n<p style=\"text-align: justify;\">Mag\u00e1nrendel\u00e9s<\/p>\n<p style=\"text-align: justify;\">Kaposv\u00e1ri Egyetem &#8211; \u00f3raad\u00f3<\/p>\n<p style=\"text-align: justify;\">Eg\u00e9szs\u00e9ges Balatonf\u00fcred Program \u2013 program vezet\u0151<\/p>\n<p>F\u0151v\u00e1rosi \u00d6nkorm\u00e1nyzat Jahn Ferenc K\u00f3rh\u00e1z III. Pszichi\u00e1triai Rehabilit\u00e1ci\u00f3s Oszt\u00e1ly<\/p>\n<p>Orsz\u00e1gos Pszichi\u00e1triai \u00e9s Neurol\u00f3giai Int\u00e9zet. Epilepszia Centrum (Valent\u00edn-h\u00e1z)<\/p>\n<p>A P\u00e9terfy S\u00e1ndor Utcai K\u00f3rh\u00e1z Kr\u00edzisintervenci\u00f3s \u00e9s Pszichi\u00e1triai Oszt\u00e1ly<\/p>\n<p>Hospice-h\u00e1z<\/p>\n<p><strong>TR\u00c9NINGEK &#8211; COACHING\u00a0<\/strong><\/p>\n<p style=\"text-align: justify;\">AUDI Hung\u00e1ria Kft<\/p>\n<p style=\"text-align: justify;\">Interview Laboratory<\/p>\n<p style=\"text-align: justify;\">Negyedik Trimeszter Kft.<\/p>\n<p style=\"text-align: justify;\">Dipol c\u00e9gcsoport<\/p>\n<p style=\"text-align: justify;\">Edu Ped Zrt<\/p>\n<p style=\"text-align: justify;\">Upstairs Consulting\u00a0 Kft.<\/p>\n<p style=\"text-align: justify;\">HELP\u00a0 (Orsz\u00e1gos Ment\u0151szolg\u00e1lat) \u2013 Szakpszichol\u00f3gus<\/p>\n<p style=\"text-align: justify;\"><strong>\u00a0<\/strong><\/p>\n<p style=\"text-align: justify;\">\n","protected":false},"excerpt":{"rendered":"<p>20 \u00e9ve foglalkozom pszichol\u00f3gusk\u00e9nt k\u00fcl\u00f6nb\u00f6z\u0151 megold\u00e1sra v\u00e1r\u00f3 helyzetekkel \u00e9s \u00e9lethelyzetekkel. Pszichol\u00f3giai tanulm\u00e1nyaimat k\u00f6vet\u0151en nyolc \u00e9vig dolgoztam pszichi\u00e1triai oszt\u00e1lyon terapeutak\u00e9nt, ahol sz\u00e9lesk\u00f6r\u0171 tapasztalatokat szereztem a pszich\u00e9s probl\u00e9m\u00e1k kezel\u00e9s\u00e9ben. Ezzel p\u00e1rhuzamosan New Yorkban t\u00e1nc- \u00e9s mozg\u00e1ster\u00e1pi\u00e1s k\u00e9pz\u00e9sen vettem r\u00e9szt, amely sor\u00e1n egy \u00faj, kreat\u00edv megk\u00f6zel\u00edt\u00e9st alkalmaztam a lelki \u00e9s testi eg\u00e9szs\u00e9g t\u00e1mogat\u00e1s\u00e1ban. Terapeutak\u00e9nt az Orsz\u00e1gos Pszichi\u00e1triai \u00e9s &hellip; <\/p>\n<p class=\"link-more\"><a href=\"https:\/\/www.frankrobert.hu\/?page_id=10\" class=\"more-link\"><span class=\"screen-reader-text\">&#8220;N\u00e9vjegy&#8221;<\/span> b\u0151vebben<\/a><\/p>\n","protected":false},"author":1,"featured_media":138,"parent":0,"menu_order":0,"comment_status":"closed","ping_status":"closed","template":"","meta":[],"_links":{"self":[{"href":"https:\/\/www.frankrobert.hu\/index.php?rest_route=\/wp\/v2\/pages\/10"}],"collection":[{"href":"https:\/\/www.frankrobert.hu\/index.php?rest_route=\/wp\/v2\/pages"}],"about":[{"href":"https:\/\/www.frankrobert.hu\/index.php?rest_route=\/wp\/v2\/types\/page"}],"author":[{"embeddable":true,"href":"https:\/\/www.frankrobert.hu\/index.php?rest_route=\/wp\/v2\/users\/1"}],"replies":[{"embeddable":true,"href":"https:\/\/www.frankrobert.hu\/index.php?rest_route=%2Fwp%2Fv2%2Fcomments&post=10"}],"version-history":[{"count":26,"href":"https:\/\/www.frankrobert.hu\/index.php?rest_route=\/wp\/v2\/pages\/10\/revisions"}],"predecessor-version":[{"id":889,"href":"https:\/\/www.frankrobert.hu\/index.php?rest_route=\/wp\/v2\/pages\/10\/revisions\/889"}],"wp:featuredmedia":[{"embeddable":true,"href":"https:\/\/www.frankrobert.hu\/index.php?rest_route=\/wp\/v2\/media\/138"}],"wp:attachment":[{"href":"https:\/\/www.frankrobert.hu\/index.php?rest_route=%2Fwp%2Fv2%2Fmedia&parent=10"}],"curies":[{"name":"wp","href":"https:\/\/api.w.org\/{rel}","templated":true}]}}